{"id":873,"date":"2018-03-16T12:11:59","date_gmt":"2018-03-16T11:11:59","guid":{"rendered":"http:\/\/thomashof.it\/colophone\/"},"modified":"2024-10-22T10:20:19","modified_gmt":"2024-10-22T08:20:19","slug":"colophone","status":"publish","type":"page","link":"https:\/\/thomashof.it\/it\/colophone\/","title":{"rendered":"Colophone"},"content":{"rendered":"<h2 style=\"text-align: left;\">Proprietario<\/h2>\n<p style=\"text-align: left;\">Mainrad Gufler<\/p>\n<h2 style=\"text-align: left;\">Contatto<\/h2>\n<p style=\"text-align: left;\">Via Plan 29<br \/>\n39013 Moso in Passiria<br \/>\nAlto Adige &#8211; Italia<br \/>\nE-Mail: info@thomashof.it<br \/>\nMobil: (+39) 349 5556823<br \/>\nP.IVA 02483540213<br \/>\nCIN (Codice Identificativo Nazionale): IT021054B5LD6BJE3D<\/p>\n<h2 style=\"text-align: left;\">Diritti immagini<\/h2>\n<p style=\"text-align: left;\">Benjamin Pfitscher<br \/>\nTourismusverein Passeiertal \/ Benjamin Pfitscher<br \/>\nBildarchiv Tourismusverein Passeiertal<br \/>\nBergbahnen Pfelders\/Brandnamic<\/p>\n<h2 style=\"text-align: left;\">Webdesign<\/h2>\n<p style=\"text-align: left;\">[lukas fahrner]<\/p>\n<h2 style=\"text-align: left;\">Indicazioni sulla responsabilit\u00e0<\/h2>\n<p style=\"text-align: left;\">Nonostante l\u2019attento controllo dei contenuti, decliniamo ogni responsabilit\u00e0 per i contenuti relativi a link esterni. Sono responsabili per il contenuto delle pagine collegate esclusivamente i gestori delle pagine stesse.<\/p>\n<p style=\"text-align: left;\"><strong>Disposizioni relative ai cookies<\/strong><br \/>\nIn conformit\u00e0 alla normativa europea sulla protezione dei dati personali nella comunicazione elettronica e al provvedimento 229 dell&#8217;8 maggio 2015 emesso dal garante della privacy, l&#8217;utilizzo di cookies per la raccolta dei dati \u00e8 ammesso solo dietro consenso esplicito dell&#8217;utente. In questo senso, qui di seguito sono riportate tutte le informazioni relative ai cookies: cosa sono, a quale scopo vengono utilizzati e come possono essere disattivati.<\/p>\n<p>Su questo sito web vengono utilizzati dei cookies. I cookies sono piccoli file di testo che il server di un sito web, tramite il browser, salva temporaneamente o costantemente sul computer o supporto mobile dell&#8217;utente, e che hanno lo scopo di semplificare, ottimizzare o personalizzare l&#8217;utilizzo del sito web.<\/p>\n<p style=\"text-align: left;\"><strong>ECCO I COOKIES UTILIZZATI:<\/strong><br \/>\nCookies assolutamente necessari (p.es. session ID), che permettono al visitatore del sito di visualizzare le pagine, utilizzare le funzioni del sito e accedere ad aree protette o necessitanti di registrazione; se questi cookies vengono disattivati, alcune parti del sito potrebbero non essere pi\u00f9 utilizzabili in modo appropriato.<br \/>\nCookies di funzionalit\u00e0 (p.es. impostazione di lingua), con cui vengono salvate la selezione e le preferenze del visitatore con lo scopo di aumentare la fruizione del sito.<br \/>\nCookies per scopi analitici (p.es. Google Analytics), che rilevano dati e informazioni relativi all&#8217;utilizzo del sito da parte dell&#8217;utente. Queste informazioni non fanno riferimento alla persona. Le informazioni vengono inviate a un server di Google negli Stati Uniti e qui salvate. Google pu\u00f2 trasmettere tali dati a terzi nel caso in cui questo sia previsto dalla legge oppure qualora Google affidi a terzi l&#8217;elaborazione dei dati. In nessun caso Google metter\u00e0 in relazione l&#8217;indirizzo IP dell&#8217;utente con altri dati raccolti da Google. Per saperne di pi\u00f9 si prega di leggere le disposizioni sul trattamento dei dati personali di Google.<br \/>\nRemarketing cookies (p.es. Google Adwords), responsabili della visualizzazione di pubblicit\u00e0 personalizzata tramite la rete di Google Advertising o di altri sistemi pubblicitari. La selezione di determinati annunci pubblicitari avviene in base ai siti web precedentemente visitati dall&#8217;utente.<br \/>\nSocial Media cookies (p.es. Facebook o Twitter Widgets), che vengono posizionati da social network come Facebook o Twitter. Questo avviene per esempio quando sul sito web visitato \u00e8 stata inserita la schermata di condivisione di Facebook, che permette all&#8217;utente di condividere contenuti con altri utenti. Tali cosiddetti fornitori terzi possono posizionare cookies se, durante la visita del nostro sito web, l&#8217;utente risulta loggato sui loro siti. Non abbiamo alcuna influenza sulle impostazioni cookies di tali siti. Per saperne di pi\u00f9 sull&#8217;utilizzo di cookies da parte di tali fornitori terzi e relative disposizioni, si prega di visitare i siti web in questione (p.es. Facebook, Twitter, Google Plus).<\/p>\n<p style=\"text-align: left;\"><strong>DISATTIVARE O ELIMINARE COOKIES<\/strong><br \/>\nSul proprio browser (Chrome, Firefox, Internet Explorer, Safari) l&#8217;utente pu\u00f2 disattivare il salvataggio di cookies o cancellare i cookies salvati, procedura che tuttavia in determinate situazioni pu\u00f2 portare a una limitazione delle funzionalit\u00e0, a rallentamenti o all&#8217;inutilizzabilit\u00e0 di determinate parti del sito web.<\/p>\n<p style=\"text-align: left;\"><strong>Controversie dei consumatori<\/strong><br \/>\nInformazione obbligatoria ai sensi del Regolamento UE n. 524\/2016 del Parlamento europeo e del Consiglio Piattaforma per la risoluzione delle controversie online dei consumatori (ODR) della Commissione europea: <a href=\"http:\/\/ec.europa.eu\/consumers\/odr\">http:\/\/ec.europa.eu\/consumers\/odr<\/a><\/p>","protected":false},"excerpt":{"rendered":"Proprietario Mainrad Gufler Contatto Via Plan 29 39013 Moso in Passiria Alto Adige &#8211; Italia E-Mail: info@thomashof.it Mobil: (+39) 349 5556823 P.IVA 02483540213 CIN (Codice Identificativo Nazionale): IT021054B5LD6BJE3D Diritti immagini Benjamin Pfitscher Tourismusverein Passeiertal \/ Benjamin Pfitscher Bildarchiv Tourismusverein Passeiertal Bergbahnen Pfelders\/Brandnamic Webdesign [lukas fahrner] Indicazioni sulla responsabilit\u00e0 Nonostante l\u2019attento controllo dei contenuti, decliniamo ogni&#8230; <a class=\"view-article\" href=\"https:\/\/thomashof.it\/it\/colophone\/\">View Article<\/a>","protected":false},"author":2,"featured_media":0,"parent":0,"menu_order":97,"comment_status":"closed","ping_status":"closed","template":"page_ohne_service.php","meta":{"_acf_changed":false,"footnotes":""},"class_list":["post-873","page","type-page","status-publish","hentry"],"acf":[],"_links":{"self":[{"href":"https:\/\/thomashof.it\/it\/wp-json\/wp\/v2\/pages\/873","targetHints":{"allow":["GET"]}}],"collection":[{"href":"https:\/\/thomashof.it\/it\/wp-json\/wp\/v2\/pages"}],"about":[{"href":"https:\/\/thomashof.it\/it\/wp-json\/wp\/v2\/types\/page"}],"author":[{"embeddable":true,"href":"https:\/\/thomashof.it\/it\/wp-json\/wp\/v2\/users\/2"}],"replies":[{"embeddable":true,"href":"https:\/\/thomashof.it\/it\/wp-json\/wp\/v2\/comments?post=873"}],"version-history":[{"count":7,"href":"https:\/\/thomashof.it\/it\/wp-json\/wp\/v2\/pages\/873\/revisions"}],"predecessor-version":[{"id":1497,"href":"https:\/\/thomashof.it\/it\/wp-json\/wp\/v2\/pages\/873\/revisions\/1497"}],"wp:attachment":[{"href":"https:\/\/thomashof.it\/it\/wp-json\/wp\/v2\/media?parent=873"}],"curies":[{"name":"wp","href":"https:\/\/api.w.org\/{rel}","templated":true}]}}