{"id":866,"date":"2018-03-16T11:46:54","date_gmt":"2018-03-16T10:46:54","guid":{"rendered":"http:\/\/thomashof.it\/bambini\/"},"modified":"2023-04-11T14:30:30","modified_gmt":"2023-04-11T12:30:30","slug":"bambini","status":"publish","type":"page","link":"https:\/\/thomashof.it\/it\/bambini\/","title":{"rendered":"Bambini"},"content":{"rendered":"<h1><img loading=\"lazy\" decoding=\"async\" width=\"250\" height=\"235\" class=\"alignnone size-medium wp-image-301\" src=\"https:\/\/thomashof.it\/wordpress\/wp-content\/uploads\/2018\/01\/murmi-sepp-250x235.png\" alt=\"\" srcset=\"https:\/\/thomashof.it\/wordpress\/wp-content\/uploads\/2018\/01\/murmi-sepp-250x235.png 250w, https:\/\/thomashof.it\/wordpress\/wp-content\/uploads\/2018\/01\/murmi-sepp-120x113.png 120w, https:\/\/thomashof.it\/wordpress\/wp-content\/uploads\/2018\/01\/murmi-sepp.png 678w\" sizes=\"auto, (max-width: 250px) 100vw, 250px\" \/><\/h1>\n<p>&nbsp;<\/p>\n<h1 style=\"text-align: center;\">Ciao ragazzi!<\/h1>\n<p>&nbsp;<\/p>\n<p style=\"text-align: left;\">Sono Murmi, il guardiano della natura. Tutto l\u2019anno controllo che si rispetti lo splendido paesaggio dei dintorni. Gli amici della colonia dei Murmi mi danno una mano: in fondo abbiamo un territorio cos\u00ec grande da tenere sott\u2019occhio.<\/p>\n<p>&nbsp;<\/p>\n<p style=\"text-align: left;\">La vita \u00e8 una grande avventura, ogni cosa \u00e8 molto divertente! Ma sapete che cosa \u00e8 proprio un vero spasso? Volete che ve lo dica? Bene &#8230; \u00e8 una vacanza all\u2019insegna dell\u2019avventura al Thomashof di Plan (Pfelders), nel Parco Naturale Gruppo di Tessa. Qui potete scatenarvi e scorrazzare finch\u00e9 volete, potete scoprire la nostra affascinante natura e anche dare una mano a Mainrad quando lavorano in stalla. Al pi\u00f9 tardi quando Heidi vi chiamer\u00e0 per delle divertentissime imprese e voi conoscerete nuovi amici nella sala giochi o durante il corso di sci, non vorrete pi\u00f9 tornare a casa!<\/p>\n<p>&nbsp;<\/p>\n<p style=\"text-align: left;\">E se, invece, non vi bastasse tutto questo, ho preparato appositamente per voi un programma estivo per ragazzi. Informatevi qui e prenotatevi subito.<\/p>\n<p>&nbsp;<\/p>\n<p style=\"text-align: left;\">A presto, allora! Non vedo l\u2019ora di incontrarvi!<\/p>\n<p style=\"text-align: left;\">Cari saluti dal vostro amico Murmi<\/p>\n<h2 style=\"text-align: left;\">Riduzioni per bambini e ragazzi:<\/h2>\n<ul>\n<li style=\"text-align: left;\">I bambini fino a 2 anni di et\u00e0 soggiornano gratuitamente nella stanza dei genitori<\/li>\n<li style=\"text-align: left;\">I bambini fino a 5 anni di et\u00e0 ottengono il 50% di sconto in camera con i genitori<\/li>\n<li style=\"text-align: left;\">I ragazzi fino a 12 anni di et\u00e0 ottengono il 30% di sconto in camera con i genitori<\/li>\n<\/ul>\n<p>&nbsp;<\/p>\n<h1>La bacheca di Murmi<\/h1>\n<p>&nbsp;<\/p>\n<div class=\"uk-scope\">\n<div >\n\n\n    \n    <div class=\"uk-grid uk-text-left uk-flex-middle\" uk-margin=\"margin: uk-margin-top\">\n\n                <div class=\"uk-width-1-2@medium uk-text-center\" >\n            <img decoding=\"async\" src=\"\/wordpress\/wp-content\/uploads\/2018\/01\/Thomashof-Pfelders-Murmi.jpg\" class=\" uk-transition-scale uk-transition-opaque\">        <\/div>\n        \n                <div class=\"uk-width-1-2@medium\" >\n            <div class=\"uk-panel uk-padding uk-width-1-1\">\n\n                \n                \n                                <div class=\"uk-margin\"><p><strong>Nome scientifico:<\/strong><br>\n  Marmota marmota<\/p>\n      <p><strong>Famiglia:<\/strong><br>\n  Sciuridi<\/p>\n      <p><strong>Diffusione:<\/strong><br>\n  Parco Naturale Gruppo di Tessa \u2013 Alta Val Passiria \u2013 Alto Adige \u2013 Dolomiti<\/p>\n      <p><strong>Habitat:<\/strong><br>\n  1700&ndash;2800 m<\/p>\n  \n  <p><strong>Grandezza\/lunghezza:<\/strong><br>\n  55&ndash;80 cm<\/p>\n      <p><strong>Peso:<\/strong><br>\n  5-7 kg<\/p>\n      <p><strong> Et&aacute;:<\/strong><br>\n  15 Jahre <\/p>\n      <p><strong>Alimentazione:<\/strong><br>\n Radici, tuberi, erbe, fiori, semi, frutti (1,2 kg di sostanza verde al giorno) <\/p>\n   \n<p><strong>Caratteristiche:<\/strong><br>\n  Corporatura massiccia; le estremit\u00e0 presentano ossatura e muscolatura robuste; collo corto e mobile; orecchie corte, coperte di pelo fitto; coda (15\u201320 cm) nera nell\u2019ultimo terzo, per il resto marroncina<\/p>\n      <p><strong>Carattere:<\/strong><br>\n  Giocherellone, gioviale, coccolone, ecologista, musicale, sportivo, socievole, intelligente, timido, vispo e, d\u2019estate, decisamente mattiniero.<\/p>\n  \n<p><strong>Particolarit&aacute;:<\/strong><br>\n  La vista, l\u2019olfatto e l\u2019udito sono particolarmente sviluppati; emette fischi striduli per mettere in guardia; intimidisce gli avversari con un brontolio.<\/p>\n      <p><strong>Cosa ama pi\u00f9 di tutto:<\/strong><br>\n  Il suo Parco Naturale<\/p>\n      <p><strong>Il suo indirizzo:<\/strong><br>\n  Casella postale 10, Associazione Turistica Val Passiria<\/p>  \n      <\/div>\n                \n                \n                \n            <\/div>\n        <\/div>\n        \n    <\/div>\n\n    \n\n<\/div>\n<\/div>\n<p style=\"text-align: left;\">","protected":false},"excerpt":{"rendered":"&nbsp; Ciao ragazzi! &nbsp; Sono Murmi, il guardiano della natura. Tutto l\u2019anno controllo che si rispetti lo splendido paesaggio dei dintorni. Gli amici della colonia dei Murmi mi danno una mano: in fondo abbiamo un territorio cos\u00ec grande da tenere sott\u2019occhio. &nbsp; La vita \u00e8 una grande avventura, ogni cosa \u00e8 molto divertente! Ma sapete&#8230; <a class=\"view-article\" href=\"https:\/\/thomashof.it\/it\/bambini\/\">View Article<\/a>","protected":false},"author":2,"featured_media":1315,"parent":0,"menu_order":6,"comment_status":"closed","ping_status":"closed","template":"page_ohne_service.php","meta":{"_acf_changed":false,"footnotes":""},"class_list":["post-866","page","type-page","status-publish","has-post-thumbnail","hentry"],"acf":[],"_links":{"self":[{"href":"https:\/\/thomashof.it\/it\/wp-json\/wp\/v2\/pages\/866","targetHints":{"allow":["GET"]}}],"collection":[{"href":"https:\/\/thomashof.it\/it\/wp-json\/wp\/v2\/pages"}],"about":[{"href":"https:\/\/thomashof.it\/it\/wp-json\/wp\/v2\/types\/page"}],"author":[{"embeddable":true,"href":"https:\/\/thomashof.it\/it\/wp-json\/wp\/v2\/users\/2"}],"replies":[{"embeddable":true,"href":"https:\/\/thomashof.it\/it\/wp-json\/wp\/v2\/comments?post=866"}],"version-history":[{"count":5,"href":"https:\/\/thomashof.it\/it\/wp-json\/wp\/v2\/pages\/866\/revisions"}],"predecessor-version":[{"id":1332,"href":"https:\/\/thomashof.it\/it\/wp-json\/wp\/v2\/pages\/866\/revisions\/1332"}],"wp:featuredmedia":[{"embeddable":true,"href":"https:\/\/thomashof.it\/it\/wp-json\/wp\/v2\/media\/1315"}],"wp:attachment":[{"href":"https:\/\/thomashof.it\/it\/wp-json\/wp\/v2\/media?parent=866"}],"curies":[{"name":"wp","href":"https:\/\/api.w.org\/{rel}","templated":true}]}}