{"id":865,"date":"2018-03-16T11:41:27","date_gmt":"2018-03-16T10:41:27","guid":{"rendered":"http:\/\/thomashof.it\/tempo-libero-ambiente\/"},"modified":"2023-04-11T14:37:59","modified_gmt":"2023-04-11T12:37:59","slug":"tempo-libero-ambiente","status":"publish","type":"page","link":"https:\/\/thomashof.it\/it\/tempo-libero-ambiente\/","title":{"rendered":"Tempo libero &#038; ambiente"},"content":{"rendered":"<h1>Un idilliaco villaggio di montagna<\/h1>\n<p>&nbsp;<\/p>\n<p style=\"text-align: left;\">Plan si trova nel coure del parco Naturale del Gruppo del Tessa e delle Alpi Venoste di Levante. Qui si possono trascorrere vacanze escursionistiche tranquille e serene ma anche fare soltanto un\u2019escursione di un giorno.Scoprirete il lato migliore dell\u2019autunno nella Val Passiria. Godetevi camminate lunghe e godimenti culinari nell\u2019ambito della cucina contadina nell&#8217;Alta Val Passiria!<\/p>\n<p>&nbsp;<\/p>\n<div class=\"uk-scope\">\n<div >\n\n\n    \n    <div class=\"uk-grid uk-text-left uk-flex-middle\" uk-margin=\"margin: uk-margin-top\">\n\n                <div class=\"uk-width-1-2@medium uk-text-center\" >\n            <img decoding=\"async\" src=\"\/wordpress\/wp-content\/uploads\/2023\/04\/Bergbahnen-Pfelders-cBrandnamic-Tourismusverein-Passeiertal-cBenjamin-Pfitscher.jpg\" class=\" uk-transition-scale uk-transition-opaque\" alt=\"A piedi nudi incontro all\u2019estate\">        <\/div>\n        \n                <div class=\"uk-width-1-2@medium\" >\n            <div class=\"uk-panel uk-padding uk-width-1-1\">\n\n                \n                                <h3 class=\"uk-panel\">\n\n                                            A piedi nudi incontro all\u2019estate                    \n                    \n                <\/h3>\n                \n                                <div class=\"uk-margin\">Per potere dire di conoscere un posto bisogna averlo toccato \u2026 con i piedi, dice il proverbio!\n<br>\nIniziamo a rivalutare i particolari della vita. Lo spazio, il tempo e la natura sono per noi le vere ricchezze. E camminare nel Parco Naturale Gruppo di Tessa rappresenta uno dei modi migliori per vivere questi valori. Infiniti momenti di vere emozioni vi attendono! Andare in mountain bike, arrampicarsi sulle montagne, camminare o, semplicemente, rilassarsi.Il modo migliore per esplorare il Parco Naturale Gruppo di Tessa \u00e8 quello di percorrere l\u2019Altavia di Merano che si estende per 120 km e pu\u00f2 essere percorsa in 5 giorni.O una discesa veloce con i Mountaincarts far\u00e0 divertire grandi e piccini.\n\n<br><br>\n<strong>Qui da noi andrete a piedi nudi incontro all\u2019estate!<\/strong><\/div>\n                \n                \n                \n            <\/div>\n        <\/div>\n        \n    <\/div>\n\n    \n\n    \n    <div class=\"uk-grid uk-text-left uk-flex-middle\" uk-margin=\"margin: uk-margin-top\">\n\n                <div class=\"uk-width-1-2@medium uk-text-center uk-flex-last@medium\" >\n            <img decoding=\"async\" src=\"\/wordpress\/wp-content\/uploads\/2023\/04\/Tourismusverein-Passeiertal-cBenjamin-Pfitscher-01.jpg\" class=\" uk-transition-scale uk-transition-opaque\" alt=\"Romantico inverno\">        <\/div>\n        \n                <div class=\"uk-width-1-2@medium\" >\n            <div class=\"uk-panel uk-padding uk-width-1-1\">\n\n                \n                                <h3 class=\"uk-panel\">\n\n                                            Romantico inverno                    \n                    \n                <\/h3>\n                \n                                <div class=\"uk-margin\">Un ambiente che pare creato appositamente per lasciarsi alle spalle la monotonia della vita quotidiana. Tracciate le vostre impronte sulla neve, respirate l\u2019aria limpida e fate agire su di voi l\u2019energia dell\u2019inverno montano.\n<br><br>\nNon riuscirete a dimenticare l\u2019incanto dell\u2019area sciistica pi\u00f9 piccola ma anche pi\u00f9 compatta dell\u2019Alto Adige, e continuerete a sognarla anche a casa. Piste da sci per principianti e per esperti, una splendida pista di fondo, tre discese per slittino ed un campo di pattinaggio su ghiaccio con rink per il curling e tanto di ice-disco: che altro si pu\u00f2 desiderare per una vacanza con la famiglia?<br><br>\n<strong>Aspettate e vedrete!<\/strong>\n\n<\/div>\n                \n                \n                \n            <\/div>\n        <\/div>\n        \n    <\/div>\n\n    \n\n    \n    <div class=\"uk-grid uk-text-left uk-flex-middle\" uk-margin=\"margin: uk-margin-top\">\n\n                <div class=\"uk-width-1-2@medium uk-text-center\" >\n            <img decoding=\"async\" src=\"\/wordpress\/wp-content\/uploads\/2023\/04\/Tourismusverein-Passeiertal-cBenjamin-Pfitscher-Winter.jpg\" class=\" uk-transition-scale uk-transition-opaque\">        <\/div>\n        \n                <div class=\"uk-width-1-2@medium\" >\n            <div class=\"uk-panel uk-padding uk-width-1-1\">\n\n                \n                \n                                <div class=\"uk-margin\">Il Gr\u00fcnboden-Express conduce dalla stazione a valle di Plan a quella a monte di Gr\u00fcnboden. Il comprensorio sciistico Plan nella Val Passiria offre due impianti super-moderni. La seggio-cabinovia Gr\u00fcnbodenexpress, composta da seggiovia a 6 posti e cabine da 8 posti con sedili riscaldati. La seggiovia Karjoch, ubicata nella parte alta del comprensorio sciistico, \u00e8 dotata anch'essa di sedili riscaldati.<\/div>\n                \n                \n                \n            <\/div>\n        <\/div>\n        \n    <\/div>\n\n    \n\n<\/div>\n<\/div>\n<p style=\"text-align: left;\">","protected":false},"excerpt":{"rendered":"Un idilliaco villaggio di montagna &nbsp; Plan si trova nel coure del parco Naturale del Gruppo del Tessa e delle Alpi Venoste di Levante. Qui si possono trascorrere vacanze escursionistiche tranquille e serene ma anche fare soltanto un\u2019escursione di un giorno.Scoprirete il lato migliore dell\u2019autunno nella Val Passiria. Godetevi camminate lunghe e godimenti culinari nell\u2019ambito&#8230; <a class=\"view-article\" href=\"https:\/\/thomashof.it\/it\/tempo-libero-ambiente\/\">View Article<\/a>","protected":false},"author":2,"featured_media":1297,"parent":0,"menu_order":5,"comment_status":"closed","ping_status":"closed","template":"page_ohne_service.php","meta":{"_acf_changed":false,"footnotes":""},"class_list":["post-865","page","type-page","status-publish","has-post-thumbnail","hentry"],"acf":[],"_links":{"self":[{"href":"https:\/\/thomashof.it\/it\/wp-json\/wp\/v2\/pages\/865","targetHints":{"allow":["GET"]}}],"collection":[{"href":"https:\/\/thomashof.it\/it\/wp-json\/wp\/v2\/pages"}],"about":[{"href":"https:\/\/thomashof.it\/it\/wp-json\/wp\/v2\/types\/page"}],"author":[{"embeddable":true,"href":"https:\/\/thomashof.it\/it\/wp-json\/wp\/v2\/users\/2"}],"replies":[{"embeddable":true,"href":"https:\/\/thomashof.it\/it\/wp-json\/wp\/v2\/comments?post=865"}],"version-history":[{"count":4,"href":"https:\/\/thomashof.it\/it\/wp-json\/wp\/v2\/pages\/865\/revisions"}],"predecessor-version":[{"id":1334,"href":"https:\/\/thomashof.it\/it\/wp-json\/wp\/v2\/pages\/865\/revisions\/1334"}],"wp:featuredmedia":[{"embeddable":true,"href":"https:\/\/thomashof.it\/it\/wp-json\/wp\/v2\/media\/1297"}],"wp:attachment":[{"href":"https:\/\/thomashof.it\/it\/wp-json\/wp\/v2\/media?parent=865"}],"curies":[{"name":"wp","href":"https:\/\/api.w.org\/{rel}","templated":true}]}}