{"id":851,"date":"2017-12-18T13:58:10","date_gmt":"2017-12-18T12:58:10","guid":{"rendered":"http:\/\/thomashof.it\/beispiel-seite\/"},"modified":"2026-02-03T10:01:48","modified_gmt":"2026-02-03T09:01:48","slug":"beispiel-seite","status":"publish","type":"page","link":"https:\/\/thomashof.it\/it\/","title":{"rendered":"Startseite it"},"content":{"rendered":"<h2 class=\"p1\" style=\"text-align: center;\">Entrate, vi attendiamo con gioia. A Plan sarete accolti con un sorriso amichevole, una vigorosa stretta di mano e con un \u201cGria\u00df Gott\u201d che viene dal cuore.<\/h2>\n<p>La vostra famiglia Gufler<\/p>\n<p>&nbsp;<\/p>\n<p class=\"mountainsafter\" style=\"text-align: center;\">Zizzagare sulle piste, godere dei caldi raggi del sole invernale, respirare la cristallina aria di montagna. Questa \u00e8 una vacanza invernale al maso Thomashof. La nostra casa \u00e8 situata direttamente a Plan, ed \u00e8 il punto di partenza ideale per una vacanza perfetta.\u00a0Sognate piste da sci, da fondo, da slittino, da snowboard, da pattinaggio su ghiaccio, sentieri per ciaspole? Sognate romantiche corse in carrozza? Qui potrete realizzare la vostra favola d\u2019inverno.\u00a0Siamo nel cuore di Plan: un idilliaco paese montano ai piedi di cime di tremila metri coronate d\u2019abeti, immerso nel \u201cParco Naturale del Gruppo del Tessa\u201d, il parco naturale pi\u00f9 vasto dell\u2019Alto Adige.\u00a0Il modo migliore per esplorare il Parco Naturale Gruppo di Tessa \u00e8 quello di percorrere l\u2019Altavia di Merano.\u00a0Aprite la porta e\u2026 via!<\/p>\n<p>&nbsp;<\/p>\n<h2 class=\"p1\" style=\"text-align: center;\">Un soggiorno di benessere al Thomashof a Plan<\/h2>\n<p><a href=\"https:\/\/thomashof.it\/it\/benessere\/\"><img loading=\"lazy\" decoding=\"async\" width=\"480\" height=\"452\" class=\"alignnone size-full wp-image-1444\" src=\"https:\/\/thomashof.it\/wordpress\/wp-content\/uploads\/2023\/05\/thomashof-wellnessgrotte-013-it.png\" alt=\"Benessere\" srcset=\"https:\/\/thomashof.it\/wordpress\/wp-content\/uploads\/2023\/05\/thomashof-wellnessgrotte-013-it.png 480w, https:\/\/thomashof.it\/wordpress\/wp-content\/uploads\/2023\/05\/thomashof-wellnessgrotte-013-it-250x235.png 250w, https:\/\/thomashof.it\/wordpress\/wp-content\/uploads\/2023\/05\/thomashof-wellnessgrotte-013-it-120x113.png 120w\" sizes=\"auto, (max-width: 480px) 100vw, 480px\" \/><\/a><\/p>","protected":false},"excerpt":{"rendered":"Entrate, vi attendiamo con gioia. A Plan sarete accolti con un sorriso amichevole, una vigorosa stretta di mano e con un \u201cGria\u00df Gott\u201d che viene dal cuore. La vostra famiglia Gufler &nbsp; Zizzagare sulle piste, godere dei caldi raggi del sole invernale, respirare la cristallina aria di montagna. Questa \u00e8 una vacanza invernale al maso&#8230; <a class=\"view-article\" href=\"https:\/\/thomashof.it\/it\/\">View Article<\/a>","protected":false},"author":1,"featured_media":0,"parent":0,"menu_order":1,"comment_status":"closed","ping_status":"open","template":"front-page.php","meta":{"_acf_changed":false,"footnotes":""},"class_list":["post-851","page","type-page","status-publish","hentry"],"acf":[],"_links":{"self":[{"href":"https:\/\/thomashof.it\/it\/wp-json\/wp\/v2\/pages\/851","targetHints":{"allow":["GET"]}}],"collection":[{"href":"https:\/\/thomashof.it\/it\/wp-json\/wp\/v2\/pages"}],"about":[{"href":"https:\/\/thomashof.it\/it\/wp-json\/wp\/v2\/types\/page"}],"author":[{"embeddable":true,"href":"https:\/\/thomashof.it\/it\/wp-json\/wp\/v2\/users\/1"}],"replies":[{"embeddable":true,"href":"https:\/\/thomashof.it\/it\/wp-json\/wp\/v2\/comments?post=851"}],"version-history":[{"count":23,"href":"https:\/\/thomashof.it\/it\/wp-json\/wp\/v2\/pages\/851\/revisions"}],"predecessor-version":[{"id":1597,"href":"https:\/\/thomashof.it\/it\/wp-json\/wp\/v2\/pages\/851\/revisions\/1597"}],"wp:attachment":[{"href":"https:\/\/thomashof.it\/it\/wp-json\/wp\/v2\/media?parent=851"}],"curies":[{"name":"wp","href":"https:\/\/api.w.org\/{rel}","templated":true}]}}