{"id":1153,"date":"2022-02-14T15:55:33","date_gmt":"2022-02-14T14:55:33","guid":{"rendered":"https:\/\/thomashof.it\/ferienwohnung-goldrute\/"},"modified":"2023-04-11T13:23:06","modified_gmt":"2023-04-11T11:23:06","slug":"appartamento-goldrute","status":"publish","type":"page","link":"https:\/\/thomashof.it\/it\/appartamento-goldrute\/","title":{"rendered":"Appartamento Goldrute"},"content":{"rendered":"<p>Siamo lieti di presentarvi il nostro nuovo appartamento per vacanze Goldrute.<br \/>\nHa una superficie di circa 55 m\u00b2 ed \u00e8 composta da due camere da letto, una con letto matrimoniale e una con letto a castello, oltre a un bagno arredato con gusto e dotato di una grande doccia. L&#8217;ampio soggiorno \u00e8 dotato di una cucina completamente attrezzata (frigorifero con congelatore, microonde con funzione di cottura, fornelli, lavastoviglie).<\/p>\n<p>.<\/p>\n<p>L&#8217;appartamento Goldrute si trova al piano terra con accesso al giardino.<\/p>\n<p>.<\/p>\n<p>Anche le famiglie numerose sono benvenute qui, perch\u00e9 \u00e8 possibile prenotare una camera aggiuntiva con l&#8217;appartamento vacanze. \u00c8 possibile collegarla con una porta integrata, in modo da avere un&#8217;altra camera doppia completamente attrezzata con il proprio bagno.<\/p>\n<p>.<\/p>\n<p>Le immagini dicono pi\u00f9 di mille parole!<\/p>\n<p><span style=\"color: #ffffff;\">.<\/span><\/p>\n<p><a class=\"uk-button\" href=\"https:\/\/thomashof.it\/it\/prezzi\/\">PREZZI<\/a> <a class=\"uk-button\" href=\"https:\/\/thomashof.it\/it\/richiesta\/\">RICHIESTA<\/a><\/p>","protected":false},"excerpt":{"rendered":"Siamo lieti di presentarvi il nostro nuovo appartamento per vacanze Goldrute. Ha una superficie di circa 55 m\u00b2 ed \u00e8 composta da due camere da letto, una con letto matrimoniale e una con letto a castello, oltre a un bagno arredato con gusto e dotato di una grande doccia. L&#8217;ampio soggiorno \u00e8 dotato di una&#8230; <a class=\"view-article\" href=\"https:\/\/thomashof.it\/it\/appartamento-goldrute\/\">View Article<\/a>","protected":false},"author":1,"featured_media":1121,"parent":0,"menu_order":4,"comment_status":"closed","ping_status":"closed","template":"page-ferienwohnung.php","meta":{"_acf_changed":false,"footnotes":""},"class_list":["post-1153","page","type-page","status-publish","has-post-thumbnail","hentry"],"acf":[],"_links":{"self":[{"href":"https:\/\/thomashof.it\/it\/wp-json\/wp\/v2\/pages\/1153","targetHints":{"allow":["GET"]}}],"collection":[{"href":"https:\/\/thomashof.it\/it\/wp-json\/wp\/v2\/pages"}],"about":[{"href":"https:\/\/thomashof.it\/it\/wp-json\/wp\/v2\/types\/page"}],"author":[{"embeddable":true,"href":"https:\/\/thomashof.it\/it\/wp-json\/wp\/v2\/users\/1"}],"replies":[{"embeddable":true,"href":"https:\/\/thomashof.it\/it\/wp-json\/wp\/v2\/comments?post=1153"}],"version-history":[{"count":4,"href":"https:\/\/thomashof.it\/it\/wp-json\/wp\/v2\/pages\/1153\/revisions"}],"predecessor-version":[{"id":1294,"href":"https:\/\/thomashof.it\/it\/wp-json\/wp\/v2\/pages\/1153\/revisions\/1294"}],"wp:featuredmedia":[{"embeddable":true,"href":"https:\/\/thomashof.it\/it\/wp-json\/wp\/v2\/media\/1121"}],"wp:attachment":[{"href":"https:\/\/thomashof.it\/it\/wp-json\/wp\/v2\/media?parent=1153"}],"curies":[{"name":"wp","href":"https:\/\/api.w.org\/{rel}","templated":true}]}}